{"id":180,"date":"2013-10-07T14:49:12","date_gmt":"2013-10-07T14:49:12","guid":{"rendered":"http:\/\/demo.qodeinteractive.com\/elision\/?page_id=180"},"modified":"2019-04-09T23:57:35","modified_gmt":"2019-04-09T23:57:35","slug":"four-columns-grid","status":"publish","type":"page","link":"https:\/\/fabrizioscapin.com\/?page_id=180","title":{"rendered":"FILMS"},"content":{"rendered":"\n<p><\/p>\n\n\n<div    class=\"vc_row wpb_row \" style=\"text-align:left;\">\n\t<div class=\"vc_col-sm-12 wpb_column vc_column_container \">\n\t\t<div class=\"wpb_wrapper\">\n\t\t\t<div class=\"separator  normal center  \" style=\"background-color: #eb005d;\"><\/div>\n<div class=\"vc_empty_space\"  style=\"height: 30px\" ><span class=\"vc_empty_space_inner\"><\/span><\/div>\n\n\n\t\t<\/div> \n\t<\/div> \n<\/div><div    class=\"vc_row wpb_row \" style=\"text-align:left;\">\n\t<div class=\"vc_col-sm-3 wpb_column vc_column_container \">\n\t\t<div class=\"wpb_wrapper\">\n\t\t\t\n\t<div class=\"wpb_text_column wpb_content_element \">\n\t\t<div class=\"wpb_wrapper\">\n\t\t\t<h1>FILMS<\/h1>\n\n\t\t<\/div> \n\t<\/div> \n\t\t<\/div> \n\t<\/div> \n\n\t<div class=\"vc_col-sm-3 wpb_column vc_column_container \">\n\t\t<div class=\"wpb_wrapper\">\n\t\t\t\n\t\t<\/div> \n\t<\/div> \n\n\t<div class=\"vc_col-sm-3 wpb_column vc_column_container \">\n\t\t<div class=\"wpb_wrapper\">\n\t\t\t\n\t\t<\/div> \n\t<\/div> \n\n\t<div class=\"vc_col-sm-3 wpb_column vc_column_container \">\n\t\t<div class=\"wpb_wrapper\">\n\t\t\t\n\t\t<\/div> \n\t<\/div> \n<\/div><div    class=\"vc_row wpb_row \" style=\"text-align:left;\">\n\t<div class=\"vc_col-sm-12 wpb_column vc_column_container \">\n\t\t<div class=\"wpb_wrapper\">\n\t\t\t<div class=\"vc_empty_space\"  style=\"height: 85px\" ><span class=\"vc_empty_space_inner\"><\/span><\/div>\n\n\n\t\t<\/div> \n\t<\/div> \n<\/div><div    class=\"vc_row wpb_row \" style=\"text-align:left;\">\n\t<div class=\"vc_col-sm-12 wpb_column vc_column_container \">\n\t\t<div class=\"wpb_wrapper\">\n\t\t\t<div class='projects_holder_outer v5'><div class='projects_holder clearfix v5 standard'>\n<article class='mix documentaires '><div class='image_holder'><span class='image'><img width=\"1920\" height=\"1080\" src=\"https:\/\/fabrizioscapin.com\/wp-content\/uploads\/2022\/05\/Momo0.jpg\" class=\"attachment-full size-full wp-post-image\" alt=\"\" loading=\"lazy\" srcset=\"https:\/\/fabrizioscapin.com\/wp-content\/uploads\/2022\/05\/Momo0.jpg 1920w, https:\/\/fabrizioscapin.com\/wp-content\/uploads\/2022\/05\/Momo0-300x169.jpg 300w, https:\/\/fabrizioscapin.com\/wp-content\/uploads\/2022\/05\/Momo0-1024x576.jpg 1024w, https:\/\/fabrizioscapin.com\/wp-content\/uploads\/2022\/05\/Momo0-768x432.jpg 768w, https:\/\/fabrizioscapin.com\/wp-content\/uploads\/2022\/05\/Momo0-1536x864.jpg 1536w, https:\/\/fabrizioscapin.com\/wp-content\/uploads\/2022\/05\/Momo0-600x338.jpg 600w\" sizes=\"(max-width: 1920px) 100vw, 1920px\" \/><\/span><span class='text_holder'><span class='text_outer'><span class='text_inner'><span class='feature_holder'><span class=\"feature_holder_icons\"><a class='preview' target='_self' href='https:\/\/fabrizioscapin.com\/?portfolio_page=momo-le-couvreur'><i class='fa fa-link fa-2x'><\/i><\/a><\/span><\/span><\/span><\/span><\/span><\/div><div class='portfolio_description'><h4 class=\"portfolio_title\"><a href=\"https:\/\/fabrizioscapin.com\/?portfolio_page=momo-le-couvreur\" target=\"_self\">MOMO LE COUVREUR<\/a><\/h4><span class=\"project_category\">Documentaire<\/span><\/div><\/article>\n<article class='mix documentaires '><div class='image_holder'><span class='image'><img width=\"1920\" height=\"1080\" src=\"https:\/\/fabrizioscapin.com\/wp-content\/uploads\/2018\/05\/Pict-Crise1.jpg\" class=\"attachment-full size-full wp-post-image\" alt=\"\" loading=\"lazy\" srcset=\"https:\/\/fabrizioscapin.com\/wp-content\/uploads\/2018\/05\/Pict-Crise1.jpg 1920w, https:\/\/fabrizioscapin.com\/wp-content\/uploads\/2018\/05\/Pict-Crise1-600x338.jpg 600w, https:\/\/fabrizioscapin.com\/wp-content\/uploads\/2018\/05\/Pict-Crise1-300x169.jpg 300w, https:\/\/fabrizioscapin.com\/wp-content\/uploads\/2018\/05\/Pict-Crise1-768x432.jpg 768w, https:\/\/fabrizioscapin.com\/wp-content\/uploads\/2018\/05\/Pict-Crise1-1024x576.jpg 1024w\" sizes=\"(max-width: 1920px) 100vw, 1920px\" \/><\/span><span class='text_holder'><span class='text_outer'><span class='text_inner'><span class='feature_holder'><span class=\"feature_holder_icons\"><a class='preview' target='_self' href='https:\/\/fabrizioscapin.com\/?portfolio_page=test-2018'><i class='fa fa-link fa-2x'><\/i><\/a><\/span><\/span><\/span><\/span><\/span><\/div><div class='portfolio_description'><h4 class=\"portfolio_title\"><a href=\"https:\/\/fabrizioscapin.com\/?portfolio_page=test-2018\" target=\"_self\">HA\u00cfTI, CRISE OU CHANGEMENT<\/a><\/h4><span class=\"project_category\">Documentaire<\/span><\/div><\/article>\n<article class='mix documentaires '><div class='image_holder'><span class='image'><img width=\"2390\" height=\"1450\" src=\"https:\/\/fabrizioscapin.com\/wp-content\/uploads\/2018\/05\/affiche-mail-goudou-2018bdef.jpg\" class=\"attachment-full size-full wp-post-image\" alt=\"\" loading=\"lazy\" srcset=\"https:\/\/fabrizioscapin.com\/wp-content\/uploads\/2018\/05\/affiche-mail-goudou-2018bdef.jpg 2390w, https:\/\/fabrizioscapin.com\/wp-content\/uploads\/2018\/05\/affiche-mail-goudou-2018bdef-600x364.jpg 600w, https:\/\/fabrizioscapin.com\/wp-content\/uploads\/2018\/05\/affiche-mail-goudou-2018bdef-300x182.jpg 300w, https:\/\/fabrizioscapin.com\/wp-content\/uploads\/2018\/05\/affiche-mail-goudou-2018bdef-768x466.jpg 768w, https:\/\/fabrizioscapin.com\/wp-content\/uploads\/2018\/05\/affiche-mail-goudou-2018bdef-1024x621.jpg 1024w\" sizes=\"(max-width: 2390px) 100vw, 2390px\" \/><\/span><span class='text_holder'><span class='text_outer'><span class='text_inner'><span class='feature_holder'><span class=\"feature_holder_icons\"><a class='preview' target='_self' href='https:\/\/fabrizioscapin.com\/?portfolio_page=1goudougoudou'><i class='fa fa-link fa-2x'><\/i><\/a><\/span><\/span><\/span><\/span><\/span><\/div><div class='portfolio_description'><h4 class=\"portfolio_title\"><a href=\"https:\/\/fabrizioscapin.com\/?portfolio_page=1goudougoudou\" target=\"_self\">GOUDOUGOUDOU<\/a><\/h4><span class=\"project_category\">Documentaire<\/span><\/div><\/article>\n<article class='mix documentaires '><div class='image_holder'><span class='image'><img width=\"725\" height=\"530\" src=\"https:\/\/fabrizioscapin.com\/wp-content\/uploads\/2015\/06\/Occidente-La-strada.jpg\" class=\"attachment-full size-full wp-post-image\" alt=\"\" loading=\"lazy\" srcset=\"https:\/\/fabrizioscapin.com\/wp-content\/uploads\/2015\/06\/Occidente-La-strada.jpg 725w, https:\/\/fabrizioscapin.com\/wp-content\/uploads\/2015\/06\/Occidente-La-strada-600x439.jpg 600w, https:\/\/fabrizioscapin.com\/wp-content\/uploads\/2015\/06\/Occidente-La-strada-300x219.jpg 300w\" sizes=\"(max-width: 725px) 100vw, 725px\" \/><\/span><span class='text_holder'><span class='text_outer'><span class='text_inner'><span class='feature_holder'><span class=\"feature_holder_icons\"><a class='preview' target='_self' href='https:\/\/fabrizioscapin.com\/?portfolio_page=1occidente'><i class='fa fa-link fa-2x'><\/i><\/a><\/span><\/span><\/span><\/span><\/span><\/div><div class='portfolio_description'><h4 class=\"portfolio_title\"><a href=\"https:\/\/fabrizioscapin.com\/?portfolio_page=1occidente\" target=\"_self\">OCCIDENTE<\/a><\/h4><span class=\"project_category\">Documentaire<\/span><\/div><\/article>\n<article class='mix documentaires '><div class='image_holder'><span class='image'><img width=\"720\" height=\"429\" src=\"https:\/\/fabrizioscapin.com\/wp-content\/uploads\/2015\/06\/Tori-E.jpg\" class=\"attachment-full size-full wp-post-image\" alt=\"\" loading=\"lazy\" srcset=\"https:\/\/fabrizioscapin.com\/wp-content\/uploads\/2015\/06\/Tori-E.jpg 720w, https:\/\/fabrizioscapin.com\/wp-content\/uploads\/2015\/06\/Tori-E-600x358.jpg 600w, https:\/\/fabrizioscapin.com\/wp-content\/uploads\/2015\/06\/Tori-E-300x179.jpg 300w\" sizes=\"(max-width: 720px) 100vw, 720px\" \/><\/span><span class='text_holder'><span class='text_outer'><span class='text_inner'><span class='feature_holder'><span class=\"feature_holder_icons\"><a class='preview' target='_self' href='https:\/\/fabrizioscapin.com\/?portfolio_page=1tori-seduti'><i class='fa fa-link fa-2x'><\/i><\/a><\/span><\/span><\/span><\/span><\/span><\/div><div class='portfolio_description'><h4 class=\"portfolio_title\"><a href=\"https:\/\/fabrizioscapin.com\/?portfolio_page=1tori-seduti\" target=\"_self\">TORI SEDUTI<\/a><\/h4><span class=\"project_category\">Documentaire<\/span><\/div><\/article>\n<article class='mix documentaires '><div class='image_holder'><span class='image'><img width=\"425\" height=\"340\" src=\"https:\/\/fabrizioscapin.com\/wp-content\/uploads\/2015\/06\/foto36-copie.jpg\" class=\"attachment-full size-full wp-post-image\" alt=\"\" loading=\"lazy\" srcset=\"https:\/\/fabrizioscapin.com\/wp-content\/uploads\/2015\/06\/foto36-copie.jpg 425w, https:\/\/fabrizioscapin.com\/wp-content\/uploads\/2015\/06\/foto36-copie-300x240.jpg 300w\" sizes=\"(max-width: 425px) 100vw, 425px\" \/><\/span><span class='text_holder'><span class='text_outer'><span class='text_inner'><span class='feature_holder'><span class=\"feature_holder_icons\"><a class='preview' target='_self' href='https:\/\/fabrizioscapin.com\/?portfolio_page=1du-plomb-dans-la-tete'><i class='fa fa-link fa-2x'><\/i><\/a><\/span><\/span><\/span><\/span><\/span><\/div><div class='portfolio_description'><h4 class=\"portfolio_title\"><a href=\"https:\/\/fabrizioscapin.com\/?portfolio_page=1du-plomb-dans-la-tete\" target=\"_self\">DU PLOMB DANS LA T\u00caTE<\/a><\/h4><span class=\"project_category\">Documentaire<\/span><\/div><\/article>\n<article class='mix documentaires '><div class='image_holder'><span class='image'><img width=\"720\" height=\"576\" src=\"https:\/\/fabrizioscapin.com\/wp-content\/uploads\/2015\/06\/Tableau.jpg\" class=\"attachment-full size-full wp-post-image\" alt=\"\" loading=\"lazy\" srcset=\"https:\/\/fabrizioscapin.com\/wp-content\/uploads\/2015\/06\/Tableau.jpg 720w, https:\/\/fabrizioscapin.com\/wp-content\/uploads\/2015\/06\/Tableau-600x480.jpg 600w, https:\/\/fabrizioscapin.com\/wp-content\/uploads\/2015\/06\/Tableau-300x240.jpg 300w\" sizes=\"(max-width: 720px) 100vw, 720px\" \/><\/span><span class='text_holder'><span class='text_outer'><span class='text_inner'><span class='feature_holder'><span class=\"feature_holder_icons\"><a class='preview' target='_self' href='https:\/\/fabrizioscapin.com\/?portfolio_page=1maramures'><i class='fa fa-link fa-2x'><\/i><\/a><\/span><\/span><\/span><\/span><\/span><\/div><div class='portfolio_description'><h4 class=\"portfolio_title\"><a href=\"https:\/\/fabrizioscapin.com\/?portfolio_page=1maramures\" target=\"_self\">MARAMURES<\/a><\/h4><span class=\"project_category\">Documentaire<\/span><\/div><\/article>\n<div class='filler'><\/div>\n<div class='filler'><\/div>\n<div class='filler'><\/div>\n<div class='filler'><\/div>\n<div class='filler'><\/div>\n<\/div><\/div>\n\t\t<\/div> \n\t<\/div> \n<\/div>\n\n\n<ul class=\"wp-block-gallery columns-0 is-cropped\"><\/ul>\n","protected":false},"excerpt":{"rendered":"France - 2000 R\u00e9alisation : Fabrizio Scapin Assistente : Patrizia Monzani Montage : Nicolas D\u00e8foss\u00e8 Images : Fabrizio Scapin et Andrea Calderini Mixage : Nicolas Joli Sous-titres : Cristina Vasile Production : Dominique Beloir \u2013 Mirage Illimit\u00e8 &nbsp; Troisi\u00e8me prix au Festival du documentaire italien...","protected":false},"author":1,"featured_media":0,"parent":0,"menu_order":0,"comment_status":"open","ping_status":"open","template":"","meta":[],"_links":{"self":[{"href":"https:\/\/fabrizioscapin.com\/index.php?rest_route=\/wp\/v2\/pages\/180"}],"collection":[{"href":"https:\/\/fabrizioscapin.com\/index.php?rest_route=\/wp\/v2\/pages"}],"about":[{"href":"https:\/\/fabrizioscapin.com\/index.php?rest_route=\/wp\/v2\/types\/page"}],"author":[{"embeddable":true,"href":"https:\/\/fabrizioscapin.com\/index.php?rest_route=\/wp\/v2\/users\/1"}],"replies":[{"embeddable":true,"href":"https:\/\/fabrizioscapin.com\/index.php?rest_route=%2Fwp%2Fv2%2Fcomments&post=180"}],"version-history":[{"count":86,"href":"https:\/\/fabrizioscapin.com\/index.php?rest_route=\/wp\/v2\/pages\/180\/revisions"}],"predecessor-version":[{"id":9480,"href":"https:\/\/fabrizioscapin.com\/index.php?rest_route=\/wp\/v2\/pages\/180\/revisions\/9480"}],"wp:attachment":[{"href":"https:\/\/fabrizioscapin.com\/index.php?rest_route=%2Fwp%2Fv2%2Fmedia&parent=180"}],"curies":[{"name":"wp","href":"https:\/\/api.w.org\/{rel}","templated":true}]}}