{"id":4193,"date":"2013-11-11T09:24:36","date_gmt":"2013-11-11T09:24:36","guid":{"rendered":"http:\/\/demo.qodeinteractive.com\/elision\/?page_id=4193"},"modified":"2021-07-08T15:00:38","modified_gmt":"2021-07-08T15:00:38","slug":"about-us","status":"publish","type":"page","link":"https:\/\/fabrizioscapin.com\/?page_id=4193","title":{"rendered":"BIO"},"content":{"rendered":"<div    class=\"vc_row wpb_row \" style=\"text-align:left;\">\n\t<div class=\"vc_col-sm-12 wpb_column vc_column_container \">\n\t\t<div class=\"wpb_wrapper\">\n\t\t\t<div class=\"vc_empty_space\"  style=\"height: 94px\" ><span class=\"vc_empty_space_inner\"><\/span><\/div>\n\n\n\t\t<\/div> \n\t<\/div> \n<\/div><div    class=\"vc_row wpb_row \" style=\"text-align:left;\"><section class=\"section  grid_section\" style=' padding-top:80px;'><div class=\"section_inner clearfix\"><div class='section_inner_margin clearfix'>\n\t<div class=\"vc_col-sm-4 wpb_column vc_column_container \">\n\t\t<div class=\"wpb_wrapper\">\n\t\t\t<div    class=\"vc_row wpb_row vc_inner \" style=\"text-align:left;\">\n\t<div class=\"vc_col-sm-12 wpb_column vc_column_container \">\n\t\t<div class=\"wpb_wrapper\">\n\t\t\t\n\t<div class=\"wpb_single_image wpb_content_element vc_align_\">\n\t\t<div class=\"wpb_wrapper\">\n\t\t\t\n\t\t\t<div class=\"vc_single_image-wrapper vc_box_rounded  vc_box_border_grey\"><img width=\"150\" height=\"150\" src=\"https:\/\/fabrizioscapin.com\/wp-content\/uploads\/2015\/04\/full-150x150.jpg\" class=\"vc_single_image-img attachment-thumbnail\" alt=\"\" loading=\"lazy\" srcset=\"https:\/\/fabrizioscapin.com\/wp-content\/uploads\/2015\/04\/full-150x150.jpg 150w, https:\/\/fabrizioscapin.com\/wp-content\/uploads\/2015\/04\/full-300x300.jpg 300w, https:\/\/fabrizioscapin.com\/wp-content\/uploads\/2015\/04\/full-100x100.jpg 100w, https:\/\/fabrizioscapin.com\/wp-content\/uploads\/2015\/04\/full-600x600.jpg 600w, https:\/\/fabrizioscapin.com\/wp-content\/uploads\/2015\/04\/full-520x520.jpg 520w, https:\/\/fabrizioscapin.com\/wp-content\/uploads\/2015\/04\/full.jpg 750w\" sizes=\"(max-width: 150px) 100vw, 150px\" \/><\/div>\n\t\t<\/div> \n\t<\/div> <div class=\"separator  transparent center  \" style=\"margin-top:10px;margin-bottom:16px;\"><\/div>\n\n\t<div class=\"wpb_text_column wpb_content_element \">\n\t\t<div class=\"wpb_wrapper\">\n\t\t\t<h4><span style=\"color: #eb005d;\">Filmmaker<\/span><\/h4>\n\n\t\t<\/div> \n\t<\/div> <div class=\"separator  transparent center  \" style=\"margin-top:10px;margin-bottom:10px;\"><\/div>\n<div class=\"separator  transparent center  \" style=\"margin-top:12px;margin-bottom:18px;\"><\/div>\n\n\t<div class=\"wpb_text_column wpb_content_element \">\n\t\t<div class=\"wpb_wrapper\">\n\t\t\t<p><a href=\"https:\/\/www.linkedin.com\/in\/fabrizio-scapin-09363195\/\" target=\"_blank\" rel=\"noopener noreferrer\">Linkedin<\/a> \u00a0 \/ \u00a0 <a title=\"Twitter\" href=\"https:\/\/vimeo.com\/scapin\" target=\"_blank\" rel=\"noopener noreferrer\">Vimeo<\/a>\u00a0 \/ \u00a0 <a href=\"https:\/\/www.youtube.com\/user\/Skapaomeravigliao?feature=mhum\" target=\"_blank\" rel=\"noopener noreferrer\">Youtube<\/a><\/p>\n\n\t\t<\/div> \n\t<\/div> <div class=\"separator  normal center  \" style=\"margin-top:7px;margin-bottom:0px;background-color: #eb005d;\"><\/div>\n\n\t\t<\/div> \n\t<\/div> \n<\/div><div class=\"vc_empty_space\"  style=\"height: 46px\" ><span class=\"vc_empty_space_inner\"><\/span><\/div>\n\n<a href=\"http:\/\/www.franceculture.fr\/emissions\/la-vignette-13-14\/la-vignette-fabrizio-scapin\" target=\"_self\" class=\"qbutton \" style=\"font-weight: 100; \">Podcast entretien - France culture<\/a><div class=\"vc_empty_space\"  style=\"height: 40px\" ><span class=\"vc_empty_space_inner\"><\/span><\/div>\n\n\n\t<div class=\"wpb_gallery wpb_content_element clearfix\">\n\t\t<div class=\"wpb_wrapper\"><div class=\"wpb_gallery_slides wpb_image_grid\" data-interval=\"3\"><div class=\"gallery_holder\"><ul class=\"gallery_inner v2\"><li><a class=\"prettyphoto\" href=\"https:\/\/fabrizioscapin.com\/wp-content\/uploads\/2013\/11\/Articolo-Missio2-1024x724.jpg\" data-rel=\"prettyPhoto[rel-1310682888]\"><span class=\"gallery_hover\"><i class=\"fa fa-search\"><\/i><\/span><img width=\"2560\" height=\"1810\" src=\"https:\/\/fabrizioscapin.com\/wp-content\/uploads\/2013\/11\/Articolo-Missio2-scaled.jpg\" class=\"attachment-full\" alt=\"\" loading=\"lazy\" srcset=\"https:\/\/fabrizioscapin.com\/wp-content\/uploads\/2013\/11\/Articolo-Missio2-scaled.jpg 2560w, https:\/\/fabrizioscapin.com\/wp-content\/uploads\/2013\/11\/Articolo-Missio2-600x424.jpg 600w, https:\/\/fabrizioscapin.com\/wp-content\/uploads\/2013\/11\/Articolo-Missio2-300x212.jpg 300w, https:\/\/fabrizioscapin.com\/wp-content\/uploads\/2013\/11\/Articolo-Missio2-1024x724.jpg 1024w\" sizes=\"(max-width: 2560px) 100vw, 2560px\" \/><\/a><\/li><\/ul><\/div><\/div>\n\t\t<\/div> \n\t<\/div> <div class=\"vc_empty_space\"  style=\"height: 22px\" ><span class=\"vc_empty_space_inner\"><\/span><\/div>\n\n\n\t\t<\/div> \n\t<\/div> \n\n\t<div class=\"vc_col-sm-2 wpb_column vc_column_container \">\n\t\t<div class=\"wpb_wrapper\">\n\t\t\t\n\t\t<\/div> \n\t<\/div> \n\n\t<div class=\"vc_col-sm-6 wpb_column vc_column_container \">\n\t\t<div class=\"wpb_wrapper\">\n\t\t\t\n\t<div class=\"wpb_text_column wpb_content_element \">\n\t\t<div class=\"wpb_wrapper\">\n\t\t\t<h1 style=\"text-align: left;\">BIO<strong><br \/>\n<\/strong><\/h1>\n\n\t\t<\/div> \n\t<\/div> <div class=\"vc_empty_space\"  style=\"height: 30px\" ><span class=\"vc_empty_space_inner\"><\/span><\/div>\n\n\n\t<div class=\"wpb_text_column wpb_content_element \">\n\t\t<div class=\"wpb_wrapper\">\n\t\t\t<p>Dipl\u00f4m\u00e9 de l\u2019\u00e9cole de film documentaire de Daniele Segre en Italie et de <a href=\"https:\/\/www.femis.fr\/presentation-generale\">La F\u00e9mis<\/a> en France, je vis depuis 1996 \u00e0 Paris. Ici j\u2019ai d\u00e9velopp\u00e9 une conscience de mon m\u00e9tier comparable \u00e0 la d\u00e9marche patiente d\u2019un artisan. R\u00e9aliser des documentaires m\u2019a mis en contact avec diff\u00e9rentes r\u00e9alit\u00e9s et diff\u00e9rents pays, notamment l\u2019Europe de l\u2019Est.<\/p>\n<p>En 2004 je suis \u00e0 l\u2019initiative d\u2019un projet de formation audiovisuelle pour des jeunes d\u2019un quartier de Paris consid\u00e9r\u00e9 \u201cd\u00e9favoris\u00e9\u201d, la Goutte d\u2019or.<\/p>\n<p>En 2007, je pars pour la premi\u00e8re fois en Ha\u00efti pour former les journalistes d\u2019Alterpresse en reportage et montage audiovisuel. J\u2019y retournerai \u00e0 plusieurs reprises pour des projets documentaires.<\/p>\n<p>En 2010, assistant mise en sc\u00e8ne et cr\u00e9ation vid\u00e9o du spectacle ETRE(S) de Claude Bago\u00eb-Diane et Nicole Charpail.<\/p>\n<p>Depuis 2011 vid\u00e9aste dans le cadre des ateliers de th\u00e9\u00e2tre de Nicole Charpail (<a href=\"http:\/\/wordpress.missgriff.org\/\" target=\"_blank\" rel=\"noopener noreferrer\">Miss Griff<\/a>). Pour la m\u00eame compagnie je participe \u00e0 la cr\u00e9ation de dispositifs vid\u00e9o d\u2019interaction avec le public, dans les spectacles TRAVAUX PUBLICS.<\/p>\n<p>Actuellement je pr\u00e9pare un documentaire sur Giovanna Marini et un film p\u00e9dagogique institutionnel sur le saturnisme en France.<\/p>\n\n\t\t<\/div> \n\t<\/div> \n\t\t<\/div> \n\t<\/div> \n<\/div><\/div><\/section><\/div>\n","protected":false},"excerpt":{"rendered":"Filmmaker Linkedin \u00a0 \/ \u00a0 Vimeo\u00a0 \/ \u00a0 Youtube Podcast entretien - France culture BIO Dipl\u00f4m\u00e9 de l\u2019\u00e9cole de film documentaire de Daniele Segre en Italie et de La F\u00e9mis en France, je vis depuis 1996 \u00e0 Paris. Ici j\u2019ai d\u00e9velopp\u00e9 une conscience de mon...","protected":false},"author":1,"featured_media":0,"parent":0,"menu_order":0,"comment_status":"open","ping_status":"closed","template":"full_width.php","meta":[],"_links":{"self":[{"href":"https:\/\/fabrizioscapin.com\/index.php?rest_route=\/wp\/v2\/pages\/4193"}],"collection":[{"href":"https:\/\/fabrizioscapin.com\/index.php?rest_route=\/wp\/v2\/pages"}],"about":[{"href":"https:\/\/fabrizioscapin.com\/index.php?rest_route=\/wp\/v2\/types\/page"}],"author":[{"embeddable":true,"href":"https:\/\/fabrizioscapin.com\/index.php?rest_route=\/wp\/v2\/users\/1"}],"replies":[{"embeddable":true,"href":"https:\/\/fabrizioscapin.com\/index.php?rest_route=%2Fwp%2Fv2%2Fcomments&post=4193"}],"version-history":[{"count":96,"href":"https:\/\/fabrizioscapin.com\/index.php?rest_route=\/wp\/v2\/pages\/4193\/revisions"}],"predecessor-version":[{"id":9624,"href":"https:\/\/fabrizioscapin.com\/index.php?rest_route=\/wp\/v2\/pages\/4193\/revisions\/9624"}],"wp:attachment":[{"href":"https:\/\/fabrizioscapin.com\/index.php?rest_route=%2Fwp%2Fv2%2Fmedia&parent=4193"}],"curies":[{"name":"wp","href":"https:\/\/api.w.org\/{rel}","templated":true}]}}